{"id":3211,"date":"2025-10-13T08:59:06","date_gmt":"2025-10-13T08:59:06","guid":{"rendered":"https:\/\/cnxdpipe.com\/?post_type=product&#038;p=3211"},"modified":"2025-11-19T04:50:52","modified_gmt":"2025-11-19T04:50:52","slug":"pe-steel-transition-pipe","status":"publish","type":"product","link":"https:\/\/cnxdpipe.com\/vi\/product\/pe-steel-transition-pipe\/","title":{"rendered":"\u1ed0ng n\u1ed1i chuy\u1ec3n ti\u1ebfp b\u1eb1ng nh\u1ef1a PE\/th\u00e9p d\u00f9ng cho c\u00e1c m\u1ed1i n\u1ed1i \u0111\u01b0\u1eddng \u1ed1ng d\u1eabn kh\u00ed v\u00e0 n\u01b0\u1edbc"},"content":{"rendered":"<h4><span style=\"color: #862421;\"><strong><b>C\u00e1c t\u00ednh n\u0103ng ch\u00ednh<\/b><\/strong><\/span><\/h4>\n<ul style=\"text-align: left; margin-bottom: 0px;\">\n<li>Excellent corrosion resistance, suitable for buried installation and harshenvironments<\/li>\n<li>Smooth PE interior for low flow resistance<\/li>\n<li>Reliable steel end for threaded or welded connections<\/li>\n<li>Suitable for natural gas, potable water, industrial fluids, and multi-utility pipeline projects<\/li>\n<li>Manufactured under strict standards to ensure long-term stability<\/li>\n<\/ul>\n<h4><span style=\"color: #862421;\"><strong><b>\u1ee8ng d\u1ee5ng<\/b><\/strong><\/span><\/h4>\n<p>PE\/Steel Transition Pipes are suitable for:<\/p>\n<ul>\n<li>Gas distribution networks<\/li>\n<li>Potable water supply systems<\/li>\n<li>Industrial fluid transportation<\/li>\n<li>Mining and irrigation projects<\/li>\n<\/ul>\n<p style=\"text-align: left; margin-bottom: 0px;\">It is widely used where pipelines shift from underground HDPE lines to above-ground steel pipelines or equipment connections.<\/p>\n<h4><span style=\"color: #862421;\"><strong><b>How It Works<\/b><\/strong><\/span><\/h4>\n<p>The transition pipe connects HDPE and steel pipelines through a bonded interface that prevents pullout or separation. The steel end can be welded or threaded to existing metal pipelines, while the PE end connects to HDPE pipes through:<\/p>\n<ul>\n<li>Electrofusion fittings<\/li>\n<li>Butt fusion welding<\/li>\n<li>Mechanical fittings (optional)<\/li>\n<\/ul>\n<p style=\"text-align: left; margin-bottom: 30px;\">This design ensures a stable, corrosion-resistant and long-lasting connection.<\/p>\n<h4><span style=\"color: #862421;\"><strong><b>Why Choose Xinda Plastic Pipe Co., Ltd<\/b><\/strong><strong><b>\u00a0<\/b><\/strong><strong><b>D\u00f2ng ph\u1ee5 ki\u1ec7n chuy\u1ec3n ti\u1ebfp PE\/th\u00e9p<\/b><\/strong><\/span><\/h4>\n<ul style=\"margin-bottom: 45px;\">\n<li>H\u01a1n 24 n\u0103m kinh nghi\u1ec7m trong l\u0129nh v\u1ef1c s\u1ea3n xu\u1ea5t ph\u1ee5 ki\u1ec7n HDPE.<\/li>\n<li>C\u00e1c d\u00f2ng s\u1ea3n ph\u1ea9m \u0111\u1ea7y \u0111\u1ee7: D\u00f2ng ph\u1ee5 ki\u1ec7n h\u00e0n \u0111i\u1ec7n, D\u00f2ng ph\u1ee5 ki\u1ec7n chuy\u1ec3n \u0111\u1ed5i PE\/th\u00e9p, D\u00f2ng ph\u1ee5 ki\u1ec7n n\u1ed1i \u1ed1ng, D\u00f2ng ph\u1ee5 ki\u1ec7n h\u00e0n \u0111\u1ed1i \u0111\u1ea7u.<\/li>\n<li>K\u1ef9 thu\u1eadt nh\u00fang d\u00e2y \u0111\u1ed3ng ch\u00ednh x\u00e1c cao \u0111\u1ec3 \u0111\u1ea3m b\u1ea3o ch\u1ea5t l\u01b0\u1ee3ng h\u00e0n \u1ed5n \u0111\u1ecbnh.<\/li>\n<li>Ph\u00f2ng ki\u1ec3m so\u00e1t ch\u1ea5t l\u01b0\u1ee3ng n\u1ed9i b\u1ed9 \u0111\u1ea3m b\u1ea3o m\u1ecdi chi ti\u1ebft l\u1eafp r\u00e1p \u0111\u1ec1u \u0111\u01b0\u1ee3c ki\u1ec3m tra v\u00e0 theo d\u00f5i theo l\u00f4.<\/li>\n<li>H\u1ed7 tr\u1ee3 to\u00e0n di\u1ec7n cho c\u00e1c nh\u00e0 s\u1ea3n xu\u1ea5t thi\u1ebft b\u1ecb g\u1ed1c (OEM) v\u00e0 cung \u1ee9ng d\u1ef1 \u00e1n.<\/li>\n<li>\u0110\u1ed9i ng\u0169 k\u1ef9 thu\u1eadt cung c\u1ea5p h\u01b0\u1edbng d\u1eabn v\u1ec1 c\u00f4ng ngh\u1ec7 h\u1ee3p nh\u1ea5t v\u00e0 h\u1ed7 tr\u1ee3 d\u1ef1 \u00e1n.<\/li>\n<\/ul>\n<ul>\n<li>The transition joint is permanently bonded between the PE and steel ends, providing a solid, maintenance-free<\/li>\n<li>Each fitting undergoes strict pressure and leak tests to guarantee zero leakage and high sealing reliability under operating pressure.<\/li>\n<li>PE material resists corrosion, while the steel end is coated or galvanized for long-term durability, even in harsh environments.<\/li>\n<li>Suitable for gas distribution, water supply networks, petrochemical industries, and industrial pipelines requiring mixed-material transitions.<\/li>\n<li>The PE end connects easily by butt fusion or electrofusion, while the steel end connects by welding or threading, fitting diverse system designs.<\/li>\n<\/ul>","protected":false},"excerpt":{"rendered":"<div data-testid=\"sku-info\" data-show-type=\"skuSummary\" data-spm-anchor-id=\"a2700.details.0.i107.42fa220dJ7iVrg\">\n<div data-testid=\"sku-list\">\n<h2><span style=\"color: #862421;\"><strong>PE-Steel Transition Straight Pipe<\/strong><\/span><\/h2>\n<p><strong>PE\/Steel Transition Pipe for Gas &amp; Water Systems | Reliable Joint<\/strong><\/p>\n<h2><span style=\"color: #862421;\"><strong><b>M\u00f4 t\u1ea3 ng\u1eafn g\u1ecdn<\/b><\/strong><\/span><\/h2>\n<p>The PE\/Steel Transition Pipe is specifically engineered for secure and long-lasting connections between polyethylene pipelines and steel pipeline networks. This transition pipe combines a PE section and a carbon steel section through a reliable bonding process, ensuring strength, leak-tight performance, and stability in demanding gas and water transmission systems.<\/p>\n<\/div>\n<\/div>","protected":false},"featured_media":3130,"template":"","meta":[],"product_brand":[],"product_cat":[27],"product_tag":[],"class_list":{"0":"post-3211","1":"product","2":"type-product","3":"status-publish","4":"has-post-thumbnail","6":"product_cat-steel-transition-fitting-series","8":"first","9":"instock","10":"shipping-taxable","11":"product-type-simple"},"_links":{"self":[{"href":"https:\/\/cnxdpipe.com\/vi\/wp-json\/wp\/v2\/product\/3211","targetHints":{"allow":["GET"]}}],"collection":[{"href":"https:\/\/cnxdpipe.com\/vi\/wp-json\/wp\/v2\/product"}],"about":[{"href":"https:\/\/cnxdpipe.com\/vi\/wp-json\/wp\/v2\/types\/product"}],"wp:featuredmedia":[{"embeddable":true,"href":"https:\/\/cnxdpipe.com\/vi\/wp-json\/wp\/v2\/media\/3130"}],"wp:attachment":[{"href":"https:\/\/cnxdpipe.com\/vi\/wp-json\/wp\/v2\/media?parent=3211"}],"wp:term":[{"taxonomy":"product_brand","embeddable":true,"href":"https:\/\/cnxdpipe.com\/vi\/wp-json\/wp\/v2\/product_brand?post=3211"},{"taxonomy":"product_cat","embeddable":true,"href":"https:\/\/cnxdpipe.com\/vi\/wp-json\/wp\/v2\/product_cat?post=3211"},{"taxonomy":"product_tag","embeddable":true,"href":"https:\/\/cnxdpipe.com\/vi\/wp-json\/wp\/v2\/product_tag?post=3211"}],"curies":[{"name":"wp","href":"https:\/\/api.w.org\/{rel}","templated":true}]}}