{"id":3207,"date":"2025-10-13T08:51:43","date_gmt":"2025-10-13T08:51:43","guid":{"rendered":"https:\/\/cnxdpipe.com\/?post_type=product&#038;p=3207"},"modified":"2025-11-13T18:35:47","modified_gmt":"2025-11-13T18:35:47","slug":"khop-noi-dien-han","status":"publish","type":"product","link":"https:\/\/cnxdpipe.com\/vi\/product\/khop-noi-dien-han\/","title":{"rendered":"Kh\u1edbp n\u1ed1i h\u00e0n \u0111i\u1ec7n"},"content":{"rendered":"<h4><span style=\"color: #862421;\"><strong><b>C\u00e1c t\u00ednh n\u0103ng ch\u00ednh<\/b><\/strong><\/span><\/h4>\n<ul style=\"text-align: left; margin-bottom: 0px;\">\n<li>K\u1ebft n\u1ed1i \u1ed5 c\u1eafm \u1ed5n \u0111\u1ecbnh v\u00e0 an to\u00e0n<\/li>\n<li>Th\u00edch h\u1ee3p cho c\u00e1c h\u1ec7 th\u1ed1ng HDPE c\u00f3 \u00e1p su\u1ea5t v\u00e0 kh\u00f4ng c\u00f3 \u00e1p su\u1ea5t<\/li>\n<li>V\u1eadt li\u1ec7u PE100 c\u00f3 \u0111\u1ed9 b\u1ec1n c\u01a1 h\u1ecdc cao<\/li>\n<li>D\u00e2y gia nhi\u1ec7t t\u00edch h\u1ee3p \u0111\u1ec3 \u0111\u1ea3m b\u1ea3o qu\u00e1 tr\u00ecnh h\u00e0n di\u1ec5n ra \u0111\u1ed3ng \u0111\u1ec1u<\/li>\n<li>Ch\u1ed1ng \u0103n m\u00f2n v\u00e0 ch\u1ecbu \u0111\u01b0\u1ee3c m\u00f4i tr\u01b0\u1eddng h\u00f3a ch\u1ea5t<\/li>\n<li>D\u1ea3i k\u00edch th\u01b0\u1edbc \u0111a d\u1ea1ng ph\u00f9 h\u1ee3p v\u1edbi c\u00e1c \u0111\u01b0\u1eddng k\u00ednh \u1ed1ng ch\u00ednh kh\u00e1c nhau<\/li>\n<li>T\u01b0\u01a1ng th\u00edch v\u1edbi c\u00e1c m\u00e1y h\u00e0n \u0111i\u1ec7n nhi\u1ec7t th\u00f4ng d\u1ee5ng<\/li>\n<\/ul>\n<h4><span style=\"color: #862421;\"><strong><b>\u1ee8ng d\u1ee5ng<\/b><\/strong><\/span><\/h4>\n<p>B\u1ed9 n\u1ed1i nh\u00e1nh h\u00e0n \u0111i\u1ec7n th\u00edch h\u1ee3p cho:<\/p>\n<ul>\n<li>M\u1ea1ng l\u01b0\u1edbi \u0111\u01b0\u1eddng \u1ed1ng c\u1ea5p n\u01b0\u1edbc \u0111\u00f4 th\u1ecb<\/li>\n<li>H\u1ec7 th\u1ed1ng ph\u00e2n ph\u1ed1i kh\u00ed<\/li>\n<li>H\u1ec7 th\u1ed1ng n\u01b0\u1edbc c\u00f4ng nghi\u1ec7p v\u00e0 h\u00f3a ch\u1ea5t<\/li>\n<li>\u0110\u01b0\u1eddng \u1ed1ng khai th\u00e1c v\u00e0 \u0111\u01b0\u1eddng \u1ed1ng b\u00f9n<\/li>\n<li>C\u00e1c d\u1ef1 \u00e1n th\u1ee7y l\u1ee3i trong n\u00f4ng nghi\u1ec7p<\/li>\n<li>H\u1ec7 th\u1ed1ng ph\u00e2n ph\u1ed1i h\u1ea1 t\u1ea7ng ng\u1ea7m<\/li>\n<\/ul>\n<p style=\"text-align: left; margin-bottom: 0px;\">\u0110\u01b0\u1ee3c ch\u1ebf t\u1ea1o t\u1eeb v\u1eadt li\u1ec7u PE100 ch\u1ea5t l\u01b0\u1ee3ng cao, b\u1ed9 n\u1ed1i h\u00ecnh y\u00ean ng\u1ef1a \u0111\u01b0\u1ee3c t\u00edch h\u1ee3p d\u00e2y h\u00e0n \u0111i\u1ec7n \u1ed5n \u0111\u1ecbnh, \u0111\u1ea3m b\u1ea3o ph\u00e2n ph\u1ed1i nhi\u1ec7t \u0111\u1ec1u trong qu\u00e1 tr\u00ecnh h\u00e0n. Sau khi l\u1eafp \u0111\u1eb7t, n\u00f3 t\u1ea1o th\u00e0nh m\u1ed9t m\u1ed1i n\u1ed1i ch\u1eafc ch\u1eafn, b\u1ec1n v\u1eefng v\u00e0 ch\u1ed1ng r\u00f2 r\u1ec9, \u0111\u00e1p \u1ee9ng c\u00e1c ti\u00eau chu\u1ea9n qu\u1ed1c t\u1ebf. \u0110\u00e2y l\u00e0 gi\u1ea3i ph\u00e1p thi\u1ebft th\u1ef1c cho c\u00e1c k\u1ebft n\u1ed1i m\u1edbi, m\u1edf r\u1ed9ng m\u1ea1ng l\u01b0\u1edbi v\u00e0 n\u00e2ng c\u1ea5p \u0111\u01b0\u1eddng \u1ed1ng.<\/p>\n<h4><span style=\"color: #862421;\"><strong><b>H\u01b0\u1edbng d\u1eabn c\u00e0i \u0111\u1eb7t<\/b><\/strong><\/span><\/h4>\n<ol style=\"text-align: left; margin-bottom: 30px;\">\n<li>L\u00e0m s\u1ea1ch b\u1ec1 m\u1eb7t c\u1ee7a \u1ed1ng ch\u00ednh.<\/li>\n<li>C\u1ea1o l\u1edbp oxy h\u00f3a m\u1ed9t c\u00e1ch \u0111\u1ec1u \u0111\u1eb7n trong khu v\u1ef1c ti\u1ebfp x\u00fac c\u1ee7a \u0111\u1ebf.<\/li>\n<li>\u0110\u1eb7t gi\u00e1 \u0111\u1ee1 ren v\u00e0o v\u1ecb tr\u00ed v\u00e0 k\u1eb9p ch\u1eb7t l\u1ea1i.<\/li>\n<li>K\u1ebft n\u1ed1i c\u00e1c \u0111\u1ea7u n\u1ed1i v\u1edbi m\u00e1y h\u00e0n \u0111i\u1ec7n.<\/li>\n<li>H\u00e3y tu\u00e2n th\u1ee7 c\u00e1c th\u00f4ng s\u1ed1 h\u00e0n \u0111\u01b0\u1ee3c ghi tr\u00ean ph\u1ee5 ki\u1ec7n.<\/li>\n<li>H\u00e3y \u0111\u1ec3 thi\u1ebft b\u1ecb ngu\u1ed9i b\u1edbt tr\u01b0\u1edbc khi khoan ho\u1eb7c m\u1edf l\u1ed7 tho\u00e1t.<\/li>\n<li>D\u00f9ng d\u1ee5ng c\u1ee5 khai th\u00e1c \u0111\u00e3 \u0111\u01b0\u1ee3c ph\u00ea duy\u1ec7t \u0111\u1ec3 khoan \u1ed1ng ch\u00ednh.<\/li>\n<\/ol>\n<h4><span style=\"color: #862421;\"><strong><b>T\u1ea1i sao n\u00ean ch\u1ecdn d\u00f2ng ph\u1ee5 ki\u1ec7n h\u00e0n \u0111i\u1ec7n c\u1ee7a C\u00f4ng ty TNHH \u1ed0ng nh\u1ef1a Xinda<\/b><\/strong><\/span><\/h4>\n<ul style=\"margin-bottom: 45px;\">\n<li>H\u01a1n 24 n\u0103m kinh nghi\u1ec7m trong l\u0129nh v\u1ef1c s\u1ea3n xu\u1ea5t ph\u1ee5 ki\u1ec7n HDPE.<\/li>\n<li>C\u00e1c d\u00f2ng s\u1ea3n ph\u1ea9m \u0111\u1ea7y \u0111\u1ee7: D\u00f2ng ph\u1ee5 ki\u1ec7n h\u00e0n \u0111i\u1ec7n, D\u00f2ng ph\u1ee5 ki\u1ec7n chuy\u1ec3n \u0111\u1ed5i PE\/th\u00e9p, D\u00f2ng ph\u1ee5 ki\u1ec7n n\u1ed1i \u1ed1ng, D\u00f2ng ph\u1ee5 ki\u1ec7n h\u00e0n \u0111\u1ed1i \u0111\u1ea7u.<\/li>\n<li>K\u1ef9 thu\u1eadt nh\u00fang d\u00e2y \u0111\u1ed3ng ch\u00ednh x\u00e1c cao \u0111\u1ec3 \u0111\u1ea3m b\u1ea3o ch\u1ea5t l\u01b0\u1ee3ng h\u00e0n \u1ed5n \u0111\u1ecbnh.<\/li>\n<li>Ph\u00f2ng ki\u1ec3m so\u00e1t ch\u1ea5t l\u01b0\u1ee3ng n\u1ed9i b\u1ed9 \u0111\u1ea3m b\u1ea3o m\u1ecdi chi ti\u1ebft l\u1eafp r\u00e1p \u0111\u1ec1u \u0111\u01b0\u1ee3c ki\u1ec3m tra v\u00e0 theo d\u00f5i theo l\u00f4.<\/li>\n<li>H\u1ed7 tr\u1ee3 to\u00e0n di\u1ec7n cho c\u00e1c nh\u00e0 s\u1ea3n xu\u1ea5t thi\u1ebft b\u1ecb g\u1ed1c (OEM) v\u00e0 cung \u1ee9ng d\u1ef1 \u00e1n.<\/li>\n<li>\u0110\u1ed9i ng\u0169 k\u1ef9 thu\u1eadt cung c\u1ea5p h\u01b0\u1edbng d\u1eabn v\u1ec1 c\u00f4ng ngh\u1ec7 h\u1ee3p nh\u1ea5t v\u00e0 h\u1ed7 tr\u1ee3 d\u1ef1 \u00e1n.<\/li>\n<\/ul>\n<ul>\n<li>D\u00f2ng ph\u1ee5 ki\u1ec7n h\u00e0n \u0111i\u1ec7n \u0111\u01b0\u1ee3c thi\u1ebft k\u1ebf \u0111\u1ec3 n\u1ed1i c\u00e1c \u1ed1ng HDPE (Polyethylene m\u1eadt \u0111\u1ed9 cao) th\u00f4ng qua quy tr\u00ecnh h\u00e0n \u0111i\u1ec7n \u0111\u00e1ng tin c\u1eady v\u00e0 ch\u1ed1ng r\u00f2 r\u1ec9.<\/li>\n<li>C\u00e1c ph\u1ee5 ki\u1ec7n n\u00e0y s\u1eed d\u1ee5ng c\u00e1c b\u1ed9 ph\u1eadn gia nhi\u1ec7t \u0111\u01b0\u1ee3c nh\u00fang s\u1eb5n; khi \u0111\u01b0\u1ee3c c\u1ea5p \u0111i\u1ec7n, ch\u00fang s\u1ebd l\u00e0m n\u00f3ng ch\u1ea3y b\u1ec1 m\u1eb7t HDPE v\u00e0 t\u1ea1o ra m\u1ed9t m\u1ed1i n\u1ed1i ch\u1eafc ch\u1eafn, \u0111\u1ed3ng nh\u1ea5t gi\u1eefa c\u00e1c \u1ed1ng ho\u1eb7c c\u00e1c ph\u1ee5 ki\u1ec7n kh\u00e1c.<\/li>\n<li>\u0110\u01b0\u1ee3c thi\u1ebft k\u1ebf d\u00e0nh ri\u00eang cho c\u00e1c h\u1ec7 th\u1ed1ng \u0111\u01b0\u1eddng \u1ed1ng d\u1eabn n\u01b0\u1edbc, kh\u00ed \u0111\u1ed1t v\u00e0 c\u00f4ng nghi\u1ec7p, d\u00f2ng s\u1ea3n ph\u1ea9m n\u00e0y mang l\u1ea1i hi\u1ec7u su\u1ea5t v\u01b0\u1ee3t tr\u1ed9i, d\u1ec5 l\u1eafp \u0111\u1eb7t v\u00e0 \u0111\u1ed9 b\u1ec1n l\u00e2u d\u00e0i \u2014 \u0111\u1ea3m b\u1ea3o t\u00ednh to\u00e0n v\u1eb9n c\u1ee7a h\u1ec7 th\u1ed1ng ngay c\u1ea3 trong nh\u1eefng \u0111i\u1ec1u ki\u1ec7n v\u1eadn h\u00e0nh kh\u1eafc nghi\u1ec7t.<\/li>\n<li>S\u1eed d\u1ee5ng c\u00f4ng ngh\u1ec7 h\u00e0n \u0111i\u1ec7n ti\u00ean ti\u1ebfn, s\u1ea3n ph\u1ea9m \u0111\u1ea3m b\u1ea3o m\u1ed1i n\u1ed1i kh\u00f4ng r\u00f2 r\u1ec9, b\u1ec1n b\u1ec9 v\u00e0 \u0111\u00e1p \u1ee9ng c\u00e1c ti\u00eau chu\u1ea9n qu\u1ed1c t\u1ebf v\u1ec1 an to\u00e0n v\u00e0 hi\u1ec7u su\u1ea5t. Qu\u00e1 tr\u00ecnh h\u00e0n \u0111i\u1ec7n HDPE s\u1eed d\u1ee5ng c\u00e1c ph\u1ee5 ki\u1ec7n h\u00e0n \u0111i\u1ec7n c\u00f3 c\u00e1c s\u1ee3i \u0111\u1ed3ng nh\u1ecf qu\u1ea5n quanh b\u00ean trong.<\/li>\n<li>Sau \u0111\u00f3, d\u00f2ng \u0111i\u1ec7n \u0111\u01b0\u1ee3c d\u1eabn qua c\u00e1c d\u00e2y n\u00e0y b\u1eb1ng m\u00e1y h\u00e0n \u0111i\u1ec7n, t\u1eeb \u0111\u00f3 l\u00e0m n\u00f3ng ch\u1ea3y v\u1eadt li\u1ec7u HDPE \u1edf b\u00ean trong ph\u1ee5 ki\u1ec7n v\u00e0 b\u00ean ngo\u00e0i \u1ed1ng.<\/li>\n<li>Ph\u01b0\u01a1ng ph\u00e1p h\u00e0n \u0111i\u1ec7n HDPE s\u1eed d\u1ee5ng c\u00e1c ph\u1ee5 ki\u1ec7n h\u00e0n \u0111i\u1ec7n c\u00f3 c\u00e1c s\u1ee3i \u0111\u1ed3ng nh\u1ecf qu\u1ea5n quanh b\u00ean trong. D\u00f2ng \u0111i\u1ec7n sau \u0111\u00f3 \u0111\u01b0\u1ee3c d\u1eabn qua c\u00e1c s\u1ee3i d\u00e2y n\u00e0y th\u00f4ng qua b\u1ed9 x\u1eed l\u00fd h\u00e0n \u0111i\u1ec7n, t\u1eeb \u0111\u00f3 l\u00e0m n\u00f3ng ch\u1ea3y l\u1edbp HDPE b\u00ean trong ph\u1ee5 ki\u1ec7n v\u00e0 b\u00ean ngo\u00e0i \u1ed1ng.<\/li>\n<\/ul>","protected":false},"excerpt":{"rendered":"<div data-testid=\"sku-info\" data-show-type=\"skuSummary\">\n<div data-testid=\"sku-list\">\n<h2><span style=\"color: #862421;\"><strong>Kh\u1edbp n\u1ed1i h\u00e0n \u0111i\u1ec7n<\/strong><\/span><\/h2>\n<p><strong>B\u1ed9 n\u1ed1i nh\u00e1nh h\u00e0n \u0111i\u1ec7n cho h\u1ec7 th\u1ed1ng \u0111\u01b0\u1eddng \u1ed1ng HDPE<\/strong><\/p>\n<h2><span style=\"color: #862421;\"><strong><b>M\u00f4 t\u1ea3 ng\u1eafn g\u1ecdn<\/b><\/strong><\/span><\/h2>\n<p>B\u1ed9 n\u1ed1i nh\u00e1nh h\u00e0n \u0111i\u1ec7n \u0111\u01b0\u1ee3c thi\u1ebft k\u1ebf \u0111\u1ec3 t\u1ea1o ra m\u1ed9t k\u1ebft n\u1ed1i nh\u00e1nh an to\u00e0n v\u00e0 \u0111\u00e1ng tin c\u1eady tr\u00ean c\u00e1c \u0111\u01b0\u1eddng \u1ed1ng HDPE m\u00e0 kh\u00f4ng c\u1ea7n c\u1eaft \u1ed1ng ch\u00ednh. S\u1ea3n ph\u1ea9m n\u00e0y \u0111\u01b0\u1ee3c s\u1eed d\u1ee5ng r\u1ed9ng r\u00e3i trong h\u1ec7 th\u1ed1ng ph\u00e2n ph\u1ed1i kh\u00ed \u0111\u1ed1t, c\u1ea5p n\u01b0\u1edbc sinh ho\u1ea1t, h\u1ec7 th\u1ed1ng t\u01b0\u1edbi ti\u00eau v\u00e0 m\u1ea1ng l\u01b0\u1edbi \u0111\u01b0\u1eddng \u1ed1ng c\u00f4ng nghi\u1ec7p.<\/p>\n<\/div>\n<\/div>","protected":false},"featured_media":3343,"template":"","meta":[],"product_brand":[],"product_cat":[24],"product_tag":[],"class_list":{"0":"post-3207","1":"product","2":"type-product","3":"status-publish","4":"has-post-thumbnail","6":"product_cat-electrofusion-fitting-series","8":"first","9":"instock","10":"shipping-taxable","11":"product-type-simple"},"_links":{"self":[{"href":"https:\/\/cnxdpipe.com\/vi\/wp-json\/wp\/v2\/product\/3207","targetHints":{"allow":["GET"]}}],"collection":[{"href":"https:\/\/cnxdpipe.com\/vi\/wp-json\/wp\/v2\/product"}],"about":[{"href":"https:\/\/cnxdpipe.com\/vi\/wp-json\/wp\/v2\/types\/product"}],"wp:featuredmedia":[{"embeddable":true,"href":"https:\/\/cnxdpipe.com\/vi\/wp-json\/wp\/v2\/media\/3343"}],"wp:attachment":[{"href":"https:\/\/cnxdpipe.com\/vi\/wp-json\/wp\/v2\/media?parent=3207"}],"wp:term":[{"taxonomy":"product_brand","embeddable":true,"href":"https:\/\/cnxdpipe.com\/vi\/wp-json\/wp\/v2\/product_brand?post=3207"},{"taxonomy":"product_cat","embeddable":true,"href":"https:\/\/cnxdpipe.com\/vi\/wp-json\/wp\/v2\/product_cat?post=3207"},{"taxonomy":"product_tag","embeddable":true,"href":"https:\/\/cnxdpipe.com\/vi\/wp-json\/wp\/v2\/product_tag?post=3207"}],"curies":[{"name":"wp","href":"https:\/\/api.w.org\/{rel}","templated":true}]}}