{"id":3191,"date":"2025-10-13T08:42:01","date_gmt":"2025-10-13T08:42:01","guid":{"rendered":"https:\/\/cnxdpipe.com\/?post_type=product&#038;p=3191"},"modified":"2025-11-13T18:00:09","modified_gmt":"2025-11-13T18:00:09","slug":"electrofusion-end-cap","status":"publish","type":"product","link":"https:\/\/cnxdpipe.com\/vi\/product\/electrofusion-end-cap\/","title":{"rendered":"N\u1eafp \u0111\u1ea7u \u1ed1ng h\u00e0n \u0111i\u1ec7n"},"content":{"rendered":"<h4><span style=\"color: #862421;\"><strong><b>C\u00e1c t\u00ednh n\u0103ng ch\u00ednh<\/b><\/strong><\/span><\/h4>\n<ul style=\"text-align: left; margin-bottom: 0px;\">\n<li>Manufactured from PE100 high-density polyethylene<\/li>\n<li>Compatible with all standard electrofusion machines<\/li>\n<li>Resistant to corrosion, chemicals, and cracking<\/li>\n<li>Suitable for both gas and water applications<\/li>\n<li>Lightweight and easy to install<\/li>\n<li>Tested and certified to international standards<\/li>\n<\/ul>\n<h4><span style=\"color: #862421;\"><strong><b>\u1ee8ng d\u1ee5ng<\/b><\/strong><\/span><\/h4>\n<p>The Electrofusion End Cap\u00a0is widely used in:<\/p>\n<ul>\n<li>Gas distribution networks<\/li>\n<li>Potable water supply systems<\/li>\n<li>Industrial fluid transportation<\/li>\n<li>Mining and irrigation projects<\/li>\n<\/ul>\n<p style=\"margin-bottom: -5px;\">The Electrofusion End Cap\u00a0is designed to safely close the end of HDPE pipelines in gas and water distribution systems.<\/p>\n<p style=\"margin-bottom: 0px;\">It provides a strong, leak-proof seal through the electrofusion process, ensuring long-term reliability and corrosion resistance.<\/p>\n<h4><span style=\"color: #862421;\"><strong><b>Tools &amp; Equipment Required<\/b><\/strong><\/span><\/h4>\n<p>Before installation, ensure you have the following equipment ready:<\/p>\n<ol>\n<li>Electrofusion welding machine (approved model)<\/li>\n<li>Pipe scraper or rotary peeling tool<\/li>\n<li>Pipe cutter<\/li>\n<li>Pipe alignment clamp<\/li>\n<li>Marker pen and cleaning wipes<\/li>\n<\/ol>\n<p style=\"text-align: left; margin-bottom: 30px;\">Caliper (to measure pipe diameter)<\/p>\n<h4><span style=\"color: #862421;\"><strong><b>T\u1ea1i sao n\u00ean ch\u1ecdn d\u00f2ng ph\u1ee5 ki\u1ec7n h\u00e0n \u0111i\u1ec7n c\u1ee7a C\u00f4ng ty TNHH \u1ed0ng nh\u1ef1a Xinda<\/b><\/strong><\/span><\/h4>\n<ul style=\"margin-bottom: 45px;\">\n<li>H\u01a1n 24 n\u0103m kinh nghi\u1ec7m trong l\u0129nh v\u1ef1c s\u1ea3n xu\u1ea5t ph\u1ee5 ki\u1ec7n HDPE.<\/li>\n<li>C\u00e1c d\u00f2ng s\u1ea3n ph\u1ea9m \u0111\u1ea7y \u0111\u1ee7: D\u00f2ng ph\u1ee5 ki\u1ec7n h\u00e0n \u0111i\u1ec7n, D\u00f2ng ph\u1ee5 ki\u1ec7n chuy\u1ec3n \u0111\u1ed5i PE\/th\u00e9p, D\u00f2ng ph\u1ee5 ki\u1ec7n n\u1ed1i \u1ed1ng, D\u00f2ng ph\u1ee5 ki\u1ec7n h\u00e0n \u0111\u1ed1i \u0111\u1ea7u.<\/li>\n<li>K\u1ef9 thu\u1eadt nh\u00fang d\u00e2y \u0111\u1ed3ng ch\u00ednh x\u00e1c cao \u0111\u1ec3 \u0111\u1ea3m b\u1ea3o ch\u1ea5t l\u01b0\u1ee3ng h\u00e0n \u1ed5n \u0111\u1ecbnh.<\/li>\n<li>Ph\u00f2ng ki\u1ec3m so\u00e1t ch\u1ea5t l\u01b0\u1ee3ng n\u1ed9i b\u1ed9 \u0111\u1ea3m b\u1ea3o m\u1ecdi chi ti\u1ebft l\u1eafp r\u00e1p \u0111\u1ec1u \u0111\u01b0\u1ee3c ki\u1ec3m tra v\u00e0 theo d\u00f5i theo l\u00f4.<\/li>\n<li>H\u1ed7 tr\u1ee3 to\u00e0n di\u1ec7n cho c\u00e1c nh\u00e0 s\u1ea3n xu\u1ea5t thi\u1ebft b\u1ecb g\u1ed1c (OEM) v\u00e0 cung \u1ee9ng d\u1ef1 \u00e1n.<\/li>\n<li>\u0110\u1ed9i ng\u0169 k\u1ef9 thu\u1eadt cung c\u1ea5p h\u01b0\u1edbng d\u1eabn v\u1ec1 c\u00f4ng ngh\u1ec7 h\u1ee3p nh\u1ea5t v\u00e0 h\u1ed7 tr\u1ee3 d\u1ef1 \u00e1n.<\/li>\n<\/ul>\n<ul>\n<li>D\u00f2ng ph\u1ee5 ki\u1ec7n h\u00e0n \u0111i\u1ec7n \u0111\u01b0\u1ee3c thi\u1ebft k\u1ebf \u0111\u1ec3 n\u1ed1i c\u00e1c \u1ed1ng HDPE (Polyethylene m\u1eadt \u0111\u1ed9 cao) th\u00f4ng qua quy tr\u00ecnh h\u00e0n \u0111i\u1ec7n \u0111\u00e1ng tin c\u1eady v\u00e0 ch\u1ed1ng r\u00f2 r\u1ec9.<\/li>\n<li>C\u00e1c ph\u1ee5 ki\u1ec7n n\u00e0y s\u1eed d\u1ee5ng c\u00e1c b\u1ed9 ph\u1eadn gia nhi\u1ec7t \u0111\u01b0\u1ee3c nh\u00fang s\u1eb5n; khi \u0111\u01b0\u1ee3c c\u1ea5p \u0111i\u1ec7n, ch\u00fang s\u1ebd l\u00e0m n\u00f3ng ch\u1ea3y b\u1ec1 m\u1eb7t HDPE v\u00e0 t\u1ea1o ra m\u1ed9t m\u1ed1i n\u1ed1i ch\u1eafc ch\u1eafn, \u0111\u1ed3ng nh\u1ea5t gi\u1eefa c\u00e1c \u1ed1ng ho\u1eb7c c\u00e1c ph\u1ee5 ki\u1ec7n kh\u00e1c.<\/li>\n<li>\u0110\u01b0\u1ee3c thi\u1ebft k\u1ebf d\u00e0nh ri\u00eang cho c\u00e1c h\u1ec7 th\u1ed1ng \u0111\u01b0\u1eddng \u1ed1ng d\u1eabn n\u01b0\u1edbc, kh\u00ed \u0111\u1ed1t v\u00e0 c\u00f4ng nghi\u1ec7p, d\u00f2ng s\u1ea3n ph\u1ea9m n\u00e0y mang l\u1ea1i hi\u1ec7u su\u1ea5t v\u01b0\u1ee3t tr\u1ed9i, d\u1ec5 l\u1eafp \u0111\u1eb7t v\u00e0 \u0111\u1ed9 b\u1ec1n l\u00e2u d\u00e0i \u2014 \u0111\u1ea3m b\u1ea3o t\u00ednh to\u00e0n v\u1eb9n c\u1ee7a h\u1ec7 th\u1ed1ng ngay c\u1ea3 trong nh\u1eefng \u0111i\u1ec1u ki\u1ec7n v\u1eadn h\u00e0nh kh\u1eafc nghi\u1ec7t.<\/li>\n<li>S\u1eed d\u1ee5ng c\u00f4ng ngh\u1ec7 h\u00e0n \u0111i\u1ec7n ti\u00ean ti\u1ebfn, s\u1ea3n ph\u1ea9m \u0111\u1ea3m b\u1ea3o m\u1ed1i n\u1ed1i kh\u00f4ng r\u00f2 r\u1ec9, b\u1ec1n b\u1ec9 v\u00e0 \u0111\u00e1p \u1ee9ng c\u00e1c ti\u00eau chu\u1ea9n qu\u1ed1c t\u1ebf v\u1ec1 an to\u00e0n v\u00e0 hi\u1ec7u su\u1ea5t. Qu\u00e1 tr\u00ecnh h\u00e0n \u0111i\u1ec7n HDPE s\u1eed d\u1ee5ng c\u00e1c ph\u1ee5 ki\u1ec7n h\u00e0n \u0111i\u1ec7n c\u00f3 c\u00e1c s\u1ee3i \u0111\u1ed3ng nh\u1ecf qu\u1ea5n quanh b\u00ean trong.<\/li>\n<li>Sau \u0111\u00f3, d\u00f2ng \u0111i\u1ec7n \u0111\u01b0\u1ee3c d\u1eabn qua c\u00e1c d\u00e2y n\u00e0y b\u1eb1ng m\u00e1y h\u00e0n \u0111i\u1ec7n, t\u1eeb \u0111\u00f3 l\u00e0m n\u00f3ng ch\u1ea3y v\u1eadt li\u1ec7u HDPE \u1edf b\u00ean trong ph\u1ee5 ki\u1ec7n v\u00e0 b\u00ean ngo\u00e0i \u1ed1ng.<\/li>\n<li>Ph\u01b0\u01a1ng ph\u00e1p h\u00e0n \u0111i\u1ec7n HDPE s\u1eed d\u1ee5ng c\u00e1c ph\u1ee5 ki\u1ec7n h\u00e0n \u0111i\u1ec7n c\u00f3 c\u00e1c s\u1ee3i \u0111\u1ed3ng nh\u1ecf qu\u1ea5n quanh b\u00ean trong. D\u00f2ng \u0111i\u1ec7n sau \u0111\u00f3 \u0111\u01b0\u1ee3c d\u1eabn qua c\u00e1c s\u1ee3i d\u00e2y n\u00e0y th\u00f4ng qua b\u1ed9 x\u1eed l\u00fd h\u00e0n \u0111i\u1ec7n, t\u1eeb \u0111\u00f3 l\u00e0m n\u00f3ng ch\u1ea3y l\u1edbp HDPE b\u00ean trong ph\u1ee5 ki\u1ec7n v\u00e0 b\u00ean ngo\u00e0i \u1ed1ng.<\/li>\n<\/ul>","protected":false},"excerpt":{"rendered":"<div data-testid=\"sku-info\" data-show-type=\"skuSummary\">\n<div data-testid=\"sku-list\">\n<h2><span style=\"color: #862421;\"><strong>N\u1eafp \u0111\u1ea7u \u1ed1ng h\u00e0n \u0111i\u1ec7n<\/strong><\/span><\/h2>\n<p><strong>Electrofusion End Cap | HDPE Pipe Fittings Manufacturer &amp; Supplier<\/strong><\/p>\n<h2><span style=\"color: #862421;\"><strong><b>M\u00f4 t\u1ea3 ng\u1eafn g\u1ecdn<\/b><\/strong><\/span><\/h2>\n<p>The Electrofusion End Cap is used to seal the ends of HDPE pipelines in gas and water distribution systems. Made from high-quality polyethylene (PE100) material, it ensures a strong, leak-proof closure.ISO certified, full size range available.<\/p>\n<\/div>\n<\/div>","protected":false},"featured_media":3338,"template":"","meta":[],"product_brand":[],"product_cat":[24],"product_tag":[],"class_list":{"0":"post-3191","1":"product","2":"type-product","3":"status-publish","4":"has-post-thumbnail","6":"product_cat-electrofusion-fitting-series","8":"first","9":"instock","10":"shipping-taxable","11":"product-type-simple"},"_links":{"self":[{"href":"https:\/\/cnxdpipe.com\/vi\/wp-json\/wp\/v2\/product\/3191","targetHints":{"allow":["GET"]}}],"collection":[{"href":"https:\/\/cnxdpipe.com\/vi\/wp-json\/wp\/v2\/product"}],"about":[{"href":"https:\/\/cnxdpipe.com\/vi\/wp-json\/wp\/v2\/types\/product"}],"wp:featuredmedia":[{"embeddable":true,"href":"https:\/\/cnxdpipe.com\/vi\/wp-json\/wp\/v2\/media\/3338"}],"wp:attachment":[{"href":"https:\/\/cnxdpipe.com\/vi\/wp-json\/wp\/v2\/media?parent=3191"}],"wp:term":[{"taxonomy":"product_brand","embeddable":true,"href":"https:\/\/cnxdpipe.com\/vi\/wp-json\/wp\/v2\/product_brand?post=3191"},{"taxonomy":"product_cat","embeddable":true,"href":"https:\/\/cnxdpipe.com\/vi\/wp-json\/wp\/v2\/product_cat?post=3191"},{"taxonomy":"product_tag","embeddable":true,"href":"https:\/\/cnxdpipe.com\/vi\/wp-json\/wp\/v2\/product_tag?post=3191"}],"curies":[{"name":"wp","href":"https:\/\/api.w.org\/{rel}","templated":true}]}}