{"id":3425,"date":"2025-10-13T17:03:11","date_gmt":"2025-10-13T17:03:11","guid":{"rendered":"https:\/\/cnxdpipe.com\/?post_type=product&#038;p=3425"},"modified":"2025-12-25T08:32:10","modified_gmt":"2025-12-25T08:32:10","slug":"female-tee","status":"publish","type":"product","link":"https:\/\/cnxdpipe.com\/tr\/product\/female-tee\/","title":{"rendered":"HDPE Socket Fusion Female Tee"},"content":{"rendered":"<h4><span style=\"color: #862421;\"><strong><b>Intro Product Summary<\/b><\/strong><\/span><\/h4>\n<p style=\"text-align: left; margin-bottom: 0px;\">This fitting is widely used in municipal water supply, industrial pipelines, and low-pressure gas networks where reliable 3-way connections are required.Its uniform wall thickness and precise socket dimensions ensure consistent fusion quality and long-lasting performance under continuous pressure.<\/p>\n<h4><span style=\"color: #862421;\"><strong><b>Temel \u00d6zellikler<\/b><\/strong><\/span><\/h4>\n<ul style=\"margin-bottom: 0px;\">\n<li><b><\/b><strong><b>Reliable Three-Way Connection<\/b><\/strong> <strong><b><br \/>\n<\/b><\/strong>Provides stable junctions for branching pipelines, maintaining flow efficiency and system integrity.<\/li>\n<li><b><\/b><strong><b>Corrosion &amp; Chemical Resistance<\/b><\/strong><strong><b><br \/>\n<\/b><\/strong>Resistant to soil chemicals, UV exposure, and water mineral content for long-term operation.<\/li>\n<li><b><\/b><strong><b>Easy Installation<\/b><\/strong><strong><b><br \/>\n<\/b><\/strong>No special tools required beyond a standard socket fusion heater; simplifies onsite assembly.<\/li>\n<li><b><\/b><strong><b>Cost-Effective Solution<\/b><\/strong><strong><b><br \/>\n<\/b><\/strong>Reduces leakage risk, maintenance, and repair costs in water, gas, or industrial piping networks<\/li>\n<\/ul>\n<h4><span style=\"color: #862421;\"><strong><b>Uygulamalar<\/b><\/strong><\/span><\/h4>\n<p><strong><b>The Socket Fusion Female Tee is commonly used in:<\/b><\/strong><\/p>\n<ul style=\"margin-bottom: 30px;\">\n<li>Municipal drinking water systems<\/li>\n<li>Industrial process water distribution<\/li>\n<li>Tar\u0131msal sulama \u015febekeleri<\/li>\n<li>Low-pressure gas transportation<\/li>\n<li>Pump and valve connections<\/li>\n<li>Water filtration equipment<\/li>\n<li>Plumbing and building pipeline systems<\/li>\n<\/ul>\n<h4><span style=\"color: #862421;\"><strong><b>Neden Xinda Plastik Boru Co, Ltd Se\u00e7melisiniz<\/b><\/strong><strong><b>\u00a0<\/b><\/strong><\/span><\/h4>\n<ul>\n<li>24 y\u0131l\u0131 a\u015fk\u0131n HDPE ba\u011flant\u0131 par\u00e7alar\u0131 \u00fcretim deneyimi.<\/li>\n<li>Komple \u00fcr\u00fcn hatlar\u0131: Elektrof\u00fczyon Fitting Serisi \u3001 PE \/ \u00c7elik Ge\u00e7i\u015f Fitting Serisi \u3001 Soket Ba\u011flant\u0131 Serisi \u3001 D\u00fc\u011fme F\u00fczyon Fitting Serisi.<\/li>\n<li>Tutarl\u0131 kaynak kalitesi i\u00e7in y\u00fcksek hassasiyetli bak\u0131r tel g\u00f6mme.<\/li>\n<li>\u015eirket i\u00e7i kalite kontrol laboratuvar\u0131, her ba\u011flant\u0131 par\u00e7as\u0131n\u0131n denetlenmesini ve parti takibinin yap\u0131lmas\u0131n\u0131 sa\u011flar.<\/li>\n<li>OEM ve proje tedariki i\u00e7in kapsaml\u0131 destek.<\/li>\n<li>Teknik ekip f\u00fczyon rehberli\u011fi ve proje deste\u011fi sa\u011flar.<\/li>\n<\/ul>","protected":false},"excerpt":{"rendered":"<h2><span style=\"color: #862421;\"><strong>Female Tee<\/strong><\/span><\/h2>\n<p><strong><span style=\"color: #000000;\">High-Quality HDPE Socket Fusion Female Tee<\/span><\/strong><\/p>\n<h2><span style=\"color: #862421;\"><strong><b>K\u0131sa A\u00e7\u0131klama<\/b><\/strong><\/span><\/h2>\n<p>The Socket Fusion Female Tee is designed for creating a secure three-way junction in HDPE pipelines.<\/p>","protected":false},"featured_media":3427,"template":"","meta":[],"product_brand":[],"product_cat":[29],"product_tag":[],"class_list":{"0":"post-3425","1":"product","2":"type-product","3":"status-publish","4":"has-post-thumbnail","6":"product_cat-socket-joint-series","8":"first","9":"instock","10":"shipping-taxable","11":"product-type-simple"},"_links":{"self":[{"href":"https:\/\/cnxdpipe.com\/tr\/wp-json\/wp\/v2\/product\/3425","targetHints":{"allow":["GET"]}}],"collection":[{"href":"https:\/\/cnxdpipe.com\/tr\/wp-json\/wp\/v2\/product"}],"about":[{"href":"https:\/\/cnxdpipe.com\/tr\/wp-json\/wp\/v2\/types\/product"}],"wp:featuredmedia":[{"embeddable":true,"href":"https:\/\/cnxdpipe.com\/tr\/wp-json\/wp\/v2\/media\/3427"}],"wp:attachment":[{"href":"https:\/\/cnxdpipe.com\/tr\/wp-json\/wp\/v2\/media?parent=3425"}],"wp:term":[{"taxonomy":"product_brand","embeddable":true,"href":"https:\/\/cnxdpipe.com\/tr\/wp-json\/wp\/v2\/product_brand?post=3425"},{"taxonomy":"product_cat","embeddable":true,"href":"https:\/\/cnxdpipe.com\/tr\/wp-json\/wp\/v2\/product_cat?post=3425"},{"taxonomy":"product_tag","embeddable":true,"href":"https:\/\/cnxdpipe.com\/tr\/wp-json\/wp\/v2\/product_tag?post=3425"}],"curies":[{"name":"wp","href":"https:\/\/api.w.org\/{rel}","templated":true}]}}