{"id":3230,"date":"2025-10-13T09:11:11","date_gmt":"2025-10-13T09:11:11","guid":{"rendered":"https:\/\/cnxdpipe.com\/?post_type=product&#038;p=3230"},"modified":"2025-11-19T03:46:27","modified_gmt":"2025-11-19T03:46:27","slug":"plyta-kolnierzowa-powlekana-nylonemepn1-0mpa","status":"publish","type":"product","link":"https:\/\/cnxdpipe.com\/pl\/product\/plyta-kolnierzowa-powlekana-nylonemepn1-0mpa\/","title":{"rendered":"Pokryta nylonem p\u0142yta ko\u0142nierzowa (PN1.0MPa) do niezawodnych po\u0142\u0105cze\u0144 ruroci\u0105g\u00f3w"},"content":{"rendered":"<h4><span style=\"color: #862421;\"><strong><b>Kluczowe cechy<\/b><\/strong><\/span><\/h4>\n<ul style=\"text-align: left; margin: 0px 0px -5px -35px;\">\n<li>Nylonowa pow\u0142oka ochronna<\/li>\n<\/ul>\n<p style=\"text-align: left; margin-bottom: 0px;\">Zapewnia doskona\u0142\u0105 odporno\u015b\u0107 na korozj\u0119, chemikalia glebowe i warunki atmosferyczne.<\/p>\n<ul style=\"text-align: left; margin: 0px 0px -5px -35px;\">\n<li>Znamionowy dla PN1.0MPa<\/li>\n<\/ul>\n<p style=\"text-align: left; margin-bottom: 0px;\">Nadaje si\u0119 do zastosowa\u0144 w ruroci\u0105gach niskoci\u015bnieniowych i \u015brednioci\u015bnieniowych.<\/p>\n<ul style=\"text-align: left; margin: 0px 0px -5px -35px;\">\n<li>Mocna podstawa ze stali konstrukcyjnej<\/li>\n<\/ul>\n<p style=\"text-align: left; margin-bottom: 0px;\">Zapewnia stabilno\u015b\u0107 pod obci\u0105\u017ceniami mechanicznymi i momentem obrotowym po\u0142\u0105czenia.<\/p>\n<ul style=\"text-align: left; margin: 0px 0px -5px -35px;\">\n<li>G\u0142adkie wyko\u0144czenie powierzchni<\/li>\n<\/ul>\n<p style=\"text-align: left; margin-bottom: 0px;\">Zmniejsza tarcie monta\u017cowe i pomaga zachowa\u0107 integralno\u015b\u0107 uszczelnienia.<\/p>\n<ul style=\"text-align: left; margin: 0px 0px -5px -35px;\">\n<li>Szeroka kompatybilno\u015b\u0107<\/li>\n<\/ul>\n<p style=\"text-align: left; margin-bottom: 0px;\">Pracuje z systemami ruroci\u0105g\u00f3w PE, rurami stalowymi, zaworami i innymi po\u0142\u0105czeniami ko\u0142nierzowymi.<\/p>\n<ul style=\"text-align: left; margin: 0px 0px -5px -35px;\">\n<li>D\u0142uga \u017cywotno\u015b\u0107<\/li>\n<\/ul>\n<p style=\"text-align: left; margin-bottom: 0px;\">Ulepszona odporno\u015b\u0107 na rdz\u0119 zwi\u0119ksza trwa\u0142o\u015b\u0107 w \u015brodowiskach podziemnych lub o wysokiej wilgotno\u015bci.<\/p>\n<h4><span style=\"color: #862421;\"><strong><b>A<\/b><\/strong><strong><b>zastosowania<\/b><\/strong><\/span><\/h4>\n<ul>\n<li>Po\u0142\u0105czenia systemu rur PE<\/li>\n<li>Sieci zaopatrzenia w wod\u0119 i nawadniania<\/li>\n<li>Dystrybucja gazu i linie serwisowe<\/li>\n<li>Wyposa\u017cenie przemys\u0142owe i ko\u0142nierze zawor\u00f3w<\/li>\n<li>Ruroci\u0105gi przeciwpo\u017carowe<\/li>\n<li>Podatne na korozj\u0119 instalacje zewn\u0119trzne lub podziemne<\/li>\n<li>Wymiana lub modernizacja stalowych p\u0142yt ko\u0142nierzowych<\/li>\n<\/ul>\n<p style=\"text-align: left; margin-bottom: 30px;\">Ta p\u0142yta ko\u0142nierzowa jest powszechnie stosowana w liniach zaopatrzenia w wod\u0119, systemach dystrybucji gazu, sieciach przeciwpo\u017carowych i instalacjach przemys\u0142owych, w kt\u00f3rych niezb\u0119dne jest zapobieganie korozji i bezpieczna struktura uszczelniaj\u0105ca.<\/p>\n<h4><span style=\"color: #862421;\"><strong><b>Dlaczego warto wybra\u0107 Xinda Plastic Pipe Co., Ltd<\/b><\/strong><strong><b>\u00a0<\/b><\/strong><strong><b><br \/>\n<\/b><\/strong><strong><b>Seria z\u0142\u0105czek przej\u015bciowych PE\/stal<\/b><\/strong><\/span><\/h4>\n<ul style=\"margin-bottom: 45px;\">\n<li>Ponad 24 lata do\u015bwiadczenia w produkcji kszta\u0142tek HDPE.<\/li>\n<li>Kompletne linie produkt\u00f3w:Seria z\u0142\u0105czek elektrooporowych\u3001Seria z\u0142\u0105czek przej\u015bciowych PE\/Steel\u3001Seria z\u0142\u0105czek kielichowych\u3001Seria z\u0142\u0105czek zatrzaskowych.<\/li>\n<li>Precyzyjne osadzenie drutu miedzianego zapewnia sta\u0142\u0105 jako\u015b\u0107 spawania.<\/li>\n<li>Wewn\u0119trzne laboratorium kontroli jako\u015bci zapewnia, \u017ce ka\u017cda z\u0142\u0105czka jest sprawdzana i monitorowana.<\/li>\n<li>Kompleksowe wsparcie w zakresie dostaw OEM i projekt\u00f3w.<\/li>\n<li>Zesp\u00f3\u0142 techniczny zapewnia wskaz\u00f3wki dotycz\u0105ce fuzji i wsparcie projektu.<\/li>\n<\/ul>\n<ul>\n<li>Z\u0142\u0105cze przej\u015bciowe jest trwale po\u0142\u0105czone mi\u0119dzy ko\u0144cami z PE i stali, zapewniaj\u0105c solidne, bezobs\u0142ugowe po\u0142\u0105czenie.<\/li>\n<li>Ka\u017cda z\u0142\u0105czka przechodzi rygorystyczne testy ci\u015bnieniowe i testy szczelno\u015bci, aby zagwarantowa\u0107 zerowy wyciek i wysok\u0105 niezawodno\u015b\u0107 uszczelnienia pod ci\u015bnieniem roboczym.<\/li>\n<li>Materia\u0142 PE jest odporny na korozj\u0119, a stalowa ko\u0144c\u00f3wka jest powlekana lub galwanizowana w celu zapewnienia d\u0142ugoterminowej trwa\u0142o\u015bci, nawet w trudnych warunkach.<\/li>\n<li>Nadaje si\u0119 do dystrybucji gazu, sieci wodoci\u0105gowych, przemys\u0142u petrochemicznego i ruroci\u0105g\u00f3w przemys\u0142owych wymagaj\u0105cych mieszanych przej\u015b\u0107 materia\u0142owych.<\/li>\n<li>Ko\u0144c\u00f3wka PE \u0142\u0105czy si\u0119 \u0142atwo przez zgrzewanie doczo\u0142owe lub elektrooporowe, podczas gdy ko\u0144c\u00f3wka stalowa \u0142\u0105czy si\u0119 przez zgrzewanie lub gwintowanie, dopasowuj\u0105c si\u0119 do r\u00f3\u017cnych projekt\u00f3w system\u00f3w.<\/li>\n<\/ul>","protected":false},"excerpt":{"rendered":"<h2><span style=\"color: #862421;\"><strong>P\u0142yta ko\u0142nierzowa powlekana nylonem (PN1.0MPa)<\/strong><\/span><\/h2>\n<p><strong>Pokryta nylonem p\u0142yta ko\u0142nierzowa (PN1.0MPa) do niezawodnych po\u0142\u0105cze\u0144 ruroci\u0105g\u00f3w<\/strong><\/p>\n<h2><span style=\"color: #862421;\"><strong><b>Kr\u00f3tki opis<\/b><\/strong><\/span><\/h2>\n<p>P\u0142yta ko\u0142nierzowa z pow\u0142ok\u0105 nylonow\u0105 (PN1,0 MPa) zosta\u0142a zaprojektowana w celu zapewnienia stabilnego, odpornego na korozj\u0119 rozwi\u0105zania po\u0142\u0105czeniowego dla ruroci\u0105g\u00f3w PE, system\u00f3w stalowych i przemys\u0142owych sieci p\u0142yn\u00f3w.<br \/>\nJego wytrzyma\u0142a stalowa konstrukcja jest pokryta trwa\u0142\u0105 warstw\u0105 nylonu, chroni\u0105c\u0105 przed wilgoci\u0105, chemikaliami glebowymi i d\u0142ugotrwa\u0142\u0105 ekspozycj\u0105 na zewn\u0105trz.<\/p>","protected":false},"featured_media":3234,"template":"","meta":[],"product_brand":[],"product_cat":[27],"product_tag":[],"class_list":{"0":"post-3230","1":"product","2":"type-product","3":"status-publish","4":"has-post-thumbnail","6":"product_cat-steel-transition-fitting-series","8":"first","9":"instock","10":"shipping-taxable","11":"product-type-simple"},"_links":{"self":[{"href":"https:\/\/cnxdpipe.com\/pl\/wp-json\/wp\/v2\/product\/3230","targetHints":{"allow":["GET"]}}],"collection":[{"href":"https:\/\/cnxdpipe.com\/pl\/wp-json\/wp\/v2\/product"}],"about":[{"href":"https:\/\/cnxdpipe.com\/pl\/wp-json\/wp\/v2\/types\/product"}],"wp:featuredmedia":[{"embeddable":true,"href":"https:\/\/cnxdpipe.com\/pl\/wp-json\/wp\/v2\/media\/3234"}],"wp:attachment":[{"href":"https:\/\/cnxdpipe.com\/pl\/wp-json\/wp\/v2\/media?parent=3230"}],"wp:term":[{"taxonomy":"product_brand","embeddable":true,"href":"https:\/\/cnxdpipe.com\/pl\/wp-json\/wp\/v2\/product_brand?post=3230"},{"taxonomy":"product_cat","embeddable":true,"href":"https:\/\/cnxdpipe.com\/pl\/wp-json\/wp\/v2\/product_cat?post=3230"},{"taxonomy":"product_tag","embeddable":true,"href":"https:\/\/cnxdpipe.com\/pl\/wp-json\/wp\/v2\/product_tag?post=3230"}],"curies":[{"name":"wp","href":"https:\/\/api.w.org\/{rel}","templated":true}]}}