{"id":3165,"date":"2025-10-13T08:31:56","date_gmt":"2025-10-13T08:31:56","guid":{"rendered":"https:\/\/cnxdpipe.com\/?post_type=product&#038;p=3165"},"modified":"2025-11-13T17:16:11","modified_gmt":"2025-11-13T17:16:11","slug":"electrofusion-reducer","status":"publish","type":"product","link":"https:\/\/cnxdpipe.com\/pl\/product\/electrofusion-reducer\/","title":{"rendered":"Reduktor elektrooporowy"},"content":{"rendered":"<h4><span style=\"color: #862421;\"><strong><b>Kluczowe cechy<\/b><\/strong><\/span><\/h4>\n<ul style=\"text-align: left; margin-bottom: 0px;\">\n<li>High resistance to pressure, impact, and corrosion for long-lasting performance.<\/li>\n<li>Made from high-density polyethylene for maximum durability<\/li>\n<li>Corrosion-resistant and chemical-resistant, suitable for harsh environments<\/li>\n<li>Reliable Diameter Transition:Connects two HDPE pipes of different sizes securely without leakage.<\/li>\n<li>Compatible with standard Electrofusion welding equipment<\/li>\n<li>Suitable for potable water and natural gas systems<\/li>\n<li>Light weight and easy to install<\/li>\n<li>Available in multiple diameters for a wide range of pipelines<\/li>\n<\/ul>\n<h4><span style=\"color: #862421;\"><strong><b>Zastosowania<\/b><\/strong><\/span><\/h4>\n<p>The Electrofusion Reduceris widely used for:<\/p>\n<ul>\n<li>Miejskie sieci wodoci\u0105gowe<\/li>\n<li>Systemy dystrybucji gazu<\/li>\n<li>Przemys\u0142owe systemy wodne i chemiczne<\/li>\n<li>Ruroci\u0105gi g\u00f3rnicze i gnojowicy<\/li>\n<li>Projekty nawadniania w rolnictwie<\/li>\n<li>Podziemna dystrybucja medi\u00f3w<\/li>\n<\/ul>\n<p style=\"text-align: left; margin-bottom: 0px;\">Our reducers are made from PE100 material, offering long-term durability, resistance to pressure, and excellent chemical stability. They are widely used in gas, water supply, irrigation, and industrial pipeline systems where diameter transitions are required.<\/p>\n<h4 style=\"text-align: left;\"><span style=\"color: #862421;\"><strong><b>Podr\u0119cznik instalacji<\/b><\/strong><\/span><\/h4>\n<ol style=\"text-align: left; margin-bottom: 30px;\">\n<li>Prepare and clean pipe ends thoroughly.<\/li>\n<li>Insert the larger and smaller diameter pipes into each end of the reducer.<\/li>\n<li>Connect electrofusion terminals to the control unit and activate fusion.<\/li>\n<li>Allow cooling according to manufacturer instructions.<\/li>\n<li>A secure, permanent joint is formed that transitions between pipe diameters.<\/li>\n<\/ol>\n<h4 style=\"text-align: left;\"><span style=\"color: #862421;\"><strong><b>Dlaczego warto wybra\u0107 seri\u0119 z\u0142\u0105czek elektrooporowych Xinda Plastic Pipe Co.<\/b><\/strong><\/span><\/h4>\n<ul style=\"margin-bottom: 45px;\">\n<li>Ponad 24 lata do\u015bwiadczenia w produkcji kszta\u0142tek HDPE.<\/li>\n<li>Kompletne linie produkt\u00f3w:Seria z\u0142\u0105czek elektrooporowych\u3001Seria z\u0142\u0105czek przej\u015bciowych PE\/Steel\u3001Seria z\u0142\u0105czek kielichowych\u3001Seria z\u0142\u0105czek zatrzaskowych.<\/li>\n<li>Precyzyjne osadzenie drutu miedzianego zapewnia sta\u0142\u0105 jako\u015b\u0107 spawania.<\/li>\n<li>Wewn\u0119trzne laboratorium kontroli jako\u015bci zapewnia, \u017ce ka\u017cda z\u0142\u0105czka jest sprawdzana i monitorowana.<\/li>\n<li>Kompleksowe wsparcie w zakresie dostaw OEM i projekt\u00f3w.<\/li>\n<li>Zesp\u00f3\u0142 techniczny zapewnia wskaz\u00f3wki dotycz\u0105ce fuzji i wsparcie projektu.<\/li>\n<\/ul>\n<ul>\n<li>Seria z\u0142\u0105czek elektrooporowych jest przeznaczona do \u0142\u0105czenia rur HDPE (polietylen o wysokiej g\u0119sto\u015bci) za pomoc\u0105 niezawodnego i szczelnego procesu elektrooporowego.<\/li>\n<li>Z\u0142\u0105czki te wykorzystuj\u0105 wbudowane elementy grzewcze, kt\u00f3re pod napi\u0119ciem topi\u0105 powierzchni\u0119 HDPE i tworz\u0105 mocne, jednorodne po\u0142\u0105czenie mi\u0119dzy rurami lub innymi z\u0142\u0105czkami.<\/li>\n<li>Zaprojektowana z my\u015bl\u0105 o instalacjach wodnych, gazowych i przemys\u0142owych, seria ta oferuje doskona\u0142\u0105 wydajno\u015b\u0107, \u0142atw\u0105 instalacj\u0119 i d\u0142ugoterminow\u0105 trwa\u0142o\u015b\u0107 - zapewniaj\u0105c integralno\u015b\u0107 systemu nawet w wymagaj\u0105cych warunkach pracy.<\/li>\n<li>Wykorzystuj\u0105c zaawansowan\u0105 technologi\u0119 elektrooporow\u0105, zapewnia nieszczelne, trwa\u0142e po\u0142\u0105czenie, kt\u00f3re spe\u0142nia mi\u0119dzynarodowe standardy bezpiecze\u0144stwa i wydajno\u015bci. Elektrooporowe \u0142\u0105czenie HDPE wykorzystuje z\u0142\u0105czki elektrooporowe, kt\u00f3re maj\u0105 ma\u0142e miedziane druty zwini\u0119te wok\u00f3\u0142 wn\u0119trza.<\/li>\n<li>Pr\u0105d elektryczny jest nast\u0119pnie przepuszczany przez te przewody za pomoc\u0105 procesora elektrooporowego, kt\u00f3ry z kolei topi HDPE po wewn\u0119trznej stronie z\u0142\u0105czki i na zewn\u0105trz rury.<\/li>\n<li>Elektrofuzja HDPE wykorzystuje kszta\u0142tki elektrooporowe, kt\u00f3re maj\u0105 ma\u0142e miedziane przewody zwini\u0119te wewn\u0105trz. Pr\u0105d elektryczny jest nast\u0119pnie przepuszczany przez te przewody za pomoc\u0105 procesora elektrooporowego, kt\u00f3ry z kolei topi HDPE po wewn\u0119trznej stronie z\u0142\u0105czki i na zewn\u0105trz rury.<\/li>\n<\/ul>","protected":false},"excerpt":{"rendered":"<h2><span style=\"color: #862421;\"><strong>Reduktor elektrooporowy<\/strong><\/span><\/h2>\n<p><strong>Electrofusion Reducer for HDPE Pipeline Connections<\/strong><\/p>\n<h2><span style=\"color: #862421;\"><strong><b>Kr\u00f3tki opis<\/b><\/strong><\/span><\/h2>\n<p>The Electrofusion Reducer is designed to connect HDPE pipes of different diameters securely and efficiently. It provides a permanent, leak-proof joint using embedded copper heating wires that ensure uniform fusion during installation.<\/p>","protected":false},"featured_media":3340,"template":"","meta":[],"product_brand":[],"product_cat":[24],"product_tag":[],"class_list":{"0":"post-3165","1":"product","2":"type-product","3":"status-publish","4":"has-post-thumbnail","6":"product_cat-electrofusion-fitting-series","8":"first","9":"instock","10":"shipping-taxable","11":"product-type-simple"},"_links":{"self":[{"href":"https:\/\/cnxdpipe.com\/pl\/wp-json\/wp\/v2\/product\/3165","targetHints":{"allow":["GET"]}}],"collection":[{"href":"https:\/\/cnxdpipe.com\/pl\/wp-json\/wp\/v2\/product"}],"about":[{"href":"https:\/\/cnxdpipe.com\/pl\/wp-json\/wp\/v2\/types\/product"}],"wp:featuredmedia":[{"embeddable":true,"href":"https:\/\/cnxdpipe.com\/pl\/wp-json\/wp\/v2\/media\/3340"}],"wp:attachment":[{"href":"https:\/\/cnxdpipe.com\/pl\/wp-json\/wp\/v2\/media?parent=3165"}],"wp:term":[{"taxonomy":"product_brand","embeddable":true,"href":"https:\/\/cnxdpipe.com\/pl\/wp-json\/wp\/v2\/product_brand?post=3165"},{"taxonomy":"product_cat","embeddable":true,"href":"https:\/\/cnxdpipe.com\/pl\/wp-json\/wp\/v2\/product_cat?post=3165"},{"taxonomy":"product_tag","embeddable":true,"href":"https:\/\/cnxdpipe.com\/pl\/wp-json\/wp\/v2\/product_tag?post=3165"}],"curies":[{"name":"wp","href":"https:\/\/api.w.org\/{rel}","templated":true}]}}