{"id":3445,"date":"2025-10-13T17:11:35","date_gmt":"2025-10-13T17:11:35","guid":{"rendered":"https:\/\/cnxdpipe.com\/?post_type=product&#038;p=3445"},"modified":"2025-12-24T08:10:49","modified_gmt":"2025-12-24T08:10:49","slug":"absperrventil","status":"publish","type":"product","link":"https:\/\/cnxdpipe.com\/de\/product\/absperrventil\/","title":{"rendered":"HDPE-Muffenschwei\u00df-Absperrventil"},"content":{"rendered":"<h4><span style=\"color: #862421;\"><strong><b>Intro Produkt\u00fcbersicht<\/b><\/strong><\/span><\/h4>\n<p style=\"text-align: left; margin-bottom: 0px;\">Das HDPE-Muffenschwei\u00df-Absperrventil ist eine Durchflussregelarmatur f\u00fcr PE-Rohrsysteme, bei denen ein zuverl\u00e4ssiges Absperren und eine lange Lebensdauer erforderlich sind. Durch die beidseitigen Muffenschwei\u00dfenden wird das Ventil nach der Installation zu einem integralen Bestandteil der HDPE-Rohrleitung und gew\u00e4hrleistet eine hervorragende Dichtungsleistung und strukturelle Stabilit\u00e4t.<\/p>\n<h4><span style=\"color: #862421;\"><strong><b>Wesentliche Merkmale<\/b><\/strong><\/span><\/h4>\n<ul style=\"margin-bottom: 0px;\">\n<li><b><\/b><strong><b>Secure-Socket-Fusion-Verbindung<\/b><\/strong> <strong><b><br \/>\n<\/b><\/strong>Erzeugt eine dauerhafte, leckagefreie Verbindung mit HDPE-Rohren.<\/li>\n<li><b><\/b><strong><b>Reibungsloser und zuverl\u00e4ssiger Betrieb<\/b><\/strong><strong><b><br \/>\n<\/b><\/strong>Der Ventilmechanismus erm\u00f6glicht ein einfaches \u00d6ffnen und Schlie\u00dfen mit minimalem Drehmoment.<\/li>\n<li><b><\/b><strong><b>Hervorragende Dichtungsleistung<\/b><\/strong><strong><b><br \/>\n<\/b><\/strong>Entwickelt, um unter Nenndruckbedingungen dicht zu schlie\u00dfen.<\/li>\n<li><b><\/b><strong><b>Korrosionsfreie HDPE-Konstruktion<\/b><\/strong><strong><b><br \/>\n<\/b><\/strong>Widersteht Rost, Ablagerungen und chemischen Angriffen in aggressiven Umgebungen.<\/li>\n<li><b><\/b><strong><b>Leicht und einfach zu installieren<\/b><\/strong><strong><b><br \/>\n<\/b><\/strong>Reduziert den Handhabungsaufwand und die Installationszeit vor Ort.<\/li>\n<\/ul>\n<p style=\"text-align: left; margin-bottom: 0px;\"><strong>Dieses aus hochwertigem Polyethylen gefertigte und f\u00fcr einen reibungslosen Betrieb ausgelegte Absperrventil wird h\u00e4ufig in der Wasserverteilung, in Bew\u00e4sserungsnetzen und in Niederdruck-Gassystemen eingesetzt.<\/strong><\/p>\n<h4><span style=\"color: #862421;\"><strong><b>Anwendungen<\/b><\/strong><\/span><\/h4>\n<ul style=\"margin-bottom: 30px;\">\n<li>Kommunale Trinkwasserversorgungssysteme<\/li>\n<li>Landwirtschaftliche Bew\u00e4sserungsanlagen und Pumpstationen<\/li>\n<li>Industrielle Fl\u00fcssigkeits\u00fcbertragungsrohre<\/li>\n<li>Gasverteilungsnetze mit niedrigem Druck<\/li>\n<li>Rohrleitungsabzweigungen f\u00fcr Ventile und Durchflussmesser<\/li>\n<li>Hausanschl\u00fcsse in Wohn- und Gewerbeprojekten<\/li>\n<\/ul>\n<h4><span style=\"color: #862421;\"><strong><b>Warum Xinda Plastic Pipe Co. w\u00e4hlen?<\/b><\/strong><strong><b>\u00a0<\/b><\/strong><\/span><\/h4>\n<ul>\n<li>\u00dcber 24 Jahre Erfahrung in der Herstellung von HDPE-Fittings.<\/li>\n<li>Komplette Produktlinien:Elektroschwei\u00dffitting-Serie\u3001PE\/Stahl-\u00dcbergangsfitting-Serie\u3001Socket Joint-Serie\u3001Butt Fusion Fitting-Serie.<\/li>\n<li>Hochpr\u00e4zise Kupferdrahteinbettung f\u00fcr gleichbleibende Schwei\u00dfqualit\u00e4t.<\/li>\n<li>Das hauseigene QC-Labor stellt sicher, dass jeder Beschlag gepr\u00fcft und chargenweise zur\u00fcckverfolgt wird.<\/li>\n<li>Umfassende Unterst\u00fctzung f\u00fcr OEM- und Projektlieferungen.<\/li>\n<li>Das technische Team bietet Anleitung zur Fusion und Projektunterst\u00fctzung.<\/li>\n<\/ul>","protected":false},"excerpt":{"rendered":"<h2><span style=\"color: #862421;\"><strong>HDPE-Absperrventil<\/strong><\/span><\/h2>\n<p><strong><span style=\"color: #000000;\">HDPE-Muffenschwei\u00df-Absperrventil f\u00fcr PE-Rohrsysteme<\/span><\/strong><\/p>\n<h2><span style=\"color: #862421;\"><strong><b>Kurzbeschreibung<\/b><\/strong><\/span><\/h2>\n<p>Langlebiges HDPE-Absperrventil mit Muffenschwei\u00dfenden f\u00fcr sicheren Rohrleitungsbetrieb.<\/p>","protected":false},"featured_media":3446,"template":"","meta":[],"product_brand":[],"product_cat":[29],"product_tag":[],"class_list":{"0":"post-3445","1":"product","2":"type-product","3":"status-publish","4":"has-post-thumbnail","6":"product_cat-socket-joint-series","8":"first","9":"instock","10":"shipping-taxable","11":"product-type-simple"},"_links":{"self":[{"href":"https:\/\/cnxdpipe.com\/de\/wp-json\/wp\/v2\/product\/3445","targetHints":{"allow":["GET"]}}],"collection":[{"href":"https:\/\/cnxdpipe.com\/de\/wp-json\/wp\/v2\/product"}],"about":[{"href":"https:\/\/cnxdpipe.com\/de\/wp-json\/wp\/v2\/types\/product"}],"wp:featuredmedia":[{"embeddable":true,"href":"https:\/\/cnxdpipe.com\/de\/wp-json\/wp\/v2\/media\/3446"}],"wp:attachment":[{"href":"https:\/\/cnxdpipe.com\/de\/wp-json\/wp\/v2\/media?parent=3445"}],"wp:term":[{"taxonomy":"product_brand","embeddable":true,"href":"https:\/\/cnxdpipe.com\/de\/wp-json\/wp\/v2\/product_brand?post=3445"},{"taxonomy":"product_cat","embeddable":true,"href":"https:\/\/cnxdpipe.com\/de\/wp-json\/wp\/v2\/product_cat?post=3445"},{"taxonomy":"product_tag","embeddable":true,"href":"https:\/\/cnxdpipe.com\/de\/wp-json\/wp\/v2\/product_tag?post=3445"}],"curies":[{"name":"wp","href":"https:\/\/api.w.org\/{rel}","templated":true}]}}