{"id":3170,"date":"2025-10-13T08:35:25","date_gmt":"2025-10-13T08:35:25","guid":{"rendered":"https:\/\/cnxdpipe.com\/?post_type=product&#038;p=3170"},"modified":"2025-11-13T17:42:46","modified_gmt":"2025-11-13T17:42:46","slug":"heizwendelreduzierstuck","status":"publish","type":"product","link":"https:\/\/cnxdpipe.com\/de\/product\/heizwendelreduzierstuck\/","title":{"rendered":"Elektroschwei\u00df-Reduzierst\u00fcck"},"content":{"rendered":"<h4><span style=\"color: #862421;\"><strong><b>Wesentliche Merkmale<\/b><\/strong><\/span><\/h4>\n<ul style=\"text-align: left; margin-bottom: 0px;\">\n<li>Integrierte Kupferspule f\u00fcr pr\u00e4zises und schnelles Schwei\u00dfen<\/li>\n<li>Widerstandsf\u00e4hig gegen Korrosion, Chemikalien und St\u00f6\u00dfe<\/li>\n<li>Leckagefreie Verbindungen sorgen f\u00fcr langfristige Sicherheit<\/li>\n<li>Kompatibel mit den wichtigsten HDPE-Rohrsystemen<\/li>\n<\/ul>\n<h4><span style=\"color: #862421;\"><strong><b>Anwendungen<\/b><\/strong><\/span><\/h4>\n<ul style=\"text-align: left; margin-bottom: 30px;\">\n<li>St\u00e4dtische Gasverteilungsnetze<\/li>\n<li>Trinkwasserleitungen<\/li>\n<li>Industrie- und Bew\u00e4sserungssysteme<\/li>\n<li>Projekte zur Renovierung oder zum Anschluss von Rohrleitungen<\/li>\n<li>Kommunale Wasserversorgung und Entw\u00e4sserungssysteme<\/li>\n<li>Erdgas- und Fl\u00fcssiggasverteilungspipelines<\/li>\n<li>Industrielle Transportsysteme f\u00fcr Fl\u00fcssigkeiten und Chemikalien<\/li>\n<li>Landwirtschaftliche Bew\u00e4sserungsnetze<\/li>\n<li>Bergbau und geothermische Rohrleitungsprojekte<\/li>\n<\/ul>\n<h4><span style=\"color: #862421;\"><strong><b>Warum sollten Sie sich f\u00fcr unsere Elektroschwei\u00dffitting-Serie entscheiden?<\/b><\/strong><\/span><\/h4>\n<ul style=\"margin-bottom: 45px;\">\n<li>\u00dcber 24 Jahre Erfahrung in der Herstellung von HDPE-Formteilen<\/li>\n<li>Hochpr\u00e4zise Kupferdrahteinbettung f\u00fcr gleichbleibende Schwei\u00dfqualit\u00e4t<\/li>\n<li>Strenge QC-Pr\u00fcfung f\u00fcr jedes St\u00fcck<\/li>\n<li>Umfassende Unterst\u00fctzung f\u00fcr OEM- und Projektlieferungen<\/li>\n<\/ul>\n<ul>\n<li>Die Elektroschwei\u00dffitting-Serie ist f\u00fcr die Verbindung von HDPE-Rohren (High-Density Polyethylen) durch ein zuverl\u00e4ssiges und lecksicheres Elektroschwei\u00dfverfahren konzipiert.<\/li>\n<li>Diese Formst\u00fccke verwenden eingebettete Heizelemente, die, wenn sie unter Strom gesetzt werden, die HDPE-Oberfl\u00e4che schmelzen und eine starke, homogene Verbindung zwischen Rohren oder anderen Formst\u00fccken herstellen.<\/li>\n<li>Diese Serie wurde f\u00fcr Wasser-, Gas- und Industrierohrsysteme entwickelt und bietet eine \u00fcberragende Leistung, eine einfache Installation und eine lange Lebensdauer, so dass die Systemintegrit\u00e4t auch unter anspruchsvollen Betriebsbedingungen gew\u00e4hrleistet ist.<\/li>\n<li>Die fortschrittliche Elektroschwei\u00dftechnik gew\u00e4hrleistet eine leckagefreie, langlebige Verbindung, die den internationalen Sicherheits- und Leistungsstandards entspricht. Beim Elektroschwei\u00dfen von HDPE werden Elektroschwei\u00dffittings verwendet, die innen mit kleinen Kupferdr\u00e4hten versehen sind.<\/li>\n<li>Mit Hilfe eines Elektroschwei\u00dfger\u00e4ts wird dann elektrischer Strom durch diese Dr\u00e4hte geleitet, wodurch das HDPE an der Innenseite des Fittings und an der Au\u00dfenseite des Rohrs geschmolzen wird.<\/li>\n<li>Bei der Elektroschwei\u00dfung von HDPE werden Elektroschwei\u00dffittings verwendet, die innen mit kleinen Kupferdr\u00e4hten umwickelt sind. Durch diese Dr\u00e4hte wird dann mit Hilfe eines Elektroschwei\u00dfger\u00e4ts elektrischer Strom geleitet, der das HDPE an der Innenseite des Fittings und an der Au\u00dfenseite des Rohrs zum Schmelzen bringt.<\/li>\n<\/ul>","protected":false},"excerpt":{"rendered":"<div data-testid=\"sku-info\" data-show-type=\"skuSummary\">\n<div data-testid=\"sku-list\">\n<h2><span style=\"color: #862421;\"><strong>Elektroschwei\u00df-Reduzierst\u00fcck<\/strong><\/span><\/h2>\n<p><strong><b>Elektroschwei\u00df-Reduzierst\u00fcck f\u00fcr HDPE-Gas- und Wasserrohrleitungssysteme<\/b><\/strong><\/p>\n<h2><span style=\"color: #862421;\"><strong><b>Kurzbeschreibung<\/b><\/strong><\/span><\/h2>\n<p>Das Elektroschwei\u00df-Reduzierst\u00fcck wurde entwickelt, um drei HDPE-Rohre mit unterschiedlichen Durchmessern sicher und leckagefrei zu verbinden. Es ist ideal f\u00fcr Gas- und Wasserversorgungsnetze und gew\u00e4hrleistet eine zuverl\u00e4ssige Leistung unter hohem Druck und einen langfristigen Betrieb.<\/p>\n<\/div>\n<\/div>","protected":false},"featured_media":3341,"template":"","meta":[],"product_brand":[],"product_cat":[24],"product_tag":[],"class_list":{"0":"post-3170","1":"product","2":"type-product","3":"status-publish","4":"has-post-thumbnail","6":"product_cat-electrofusion-fitting-series","8":"first","9":"instock","10":"shipping-taxable","11":"product-type-simple"},"_links":{"self":[{"href":"https:\/\/cnxdpipe.com\/de\/wp-json\/wp\/v2\/product\/3170","targetHints":{"allow":["GET"]}}],"collection":[{"href":"https:\/\/cnxdpipe.com\/de\/wp-json\/wp\/v2\/product"}],"about":[{"href":"https:\/\/cnxdpipe.com\/de\/wp-json\/wp\/v2\/types\/product"}],"wp:featuredmedia":[{"embeddable":true,"href":"https:\/\/cnxdpipe.com\/de\/wp-json\/wp\/v2\/media\/3341"}],"wp:attachment":[{"href":"https:\/\/cnxdpipe.com\/de\/wp-json\/wp\/v2\/media?parent=3170"}],"wp:term":[{"taxonomy":"product_brand","embeddable":true,"href":"https:\/\/cnxdpipe.com\/de\/wp-json\/wp\/v2\/product_brand?post=3170"},{"taxonomy":"product_cat","embeddable":true,"href":"https:\/\/cnxdpipe.com\/de\/wp-json\/wp\/v2\/product_cat?post=3170"},{"taxonomy":"product_tag","embeddable":true,"href":"https:\/\/cnxdpipe.com\/de\/wp-json\/wp\/v2\/product_tag?post=3170"}],"curies":[{"name":"wp","href":"https:\/\/api.w.org\/{rel}","templated":true}]}}